{"id":60370,"date":"2019-09-13T22:52:20","date_gmt":"2019-09-14T05:52:20","guid":{"rendered":"http:\/\/1045radiolatina.com\/wnrl\/?page_id=60370"},"modified":"2021-07-15T13:37:35","modified_gmt":"2021-07-15T20:37:35","slug":"retrolatina","status":"publish","type":"page","link":"https:\/\/1045radiolatina.com\/wnrl\/retrolatina\/","title":{"rendered":"Retrolatina"},"content":{"rendered":"\n<figure class=\"wp-block-image size-large\"><img decoding=\"async\" width=\"1024\" height=\"591\" data-src=\"https:\/\/1045radiolatina.com\/wnrl\/wp-content\/uploads\/2020\/10\/RetroLatina-banner1-1-1024x591.jpg\" alt=\"\" class=\"wp-image-60371 lazyload\" data-srcset=\"https:\/\/1045radiolatina.com\/wnrl\/wp-content\/uploads\/2020\/10\/RetroLatina-banner1-1-1024x591.jpg 1024w, https:\/\/1045radiolatina.com\/wnrl\/wp-content\/uploads\/2020\/10\/RetroLatina-banner1-1-300x173.jpg 300w, https:\/\/1045radiolatina.com\/wnrl\/wp-content\/uploads\/2020\/10\/RetroLatina-banner1-1-768x443.jpg 768w, https:\/\/1045radiolatina.com\/wnrl\/wp-content\/uploads\/2020\/10\/RetroLatina-banner1-1-696x402.jpg 696w, https:\/\/1045radiolatina.com\/wnrl\/wp-content\/uploads\/2020\/10\/RetroLatina-banner1-1-1068x616.jpg 1068w, https:\/\/1045radiolatina.com\/wnrl\/wp-content\/uploads\/2020\/10\/RetroLatina-banner1-1-728x420.jpg 728w, https:\/\/1045radiolatina.com\/wnrl\/wp-content\/uploads\/2020\/10\/RetroLatina-banner1-1.jpg 1300w\" data-sizes=\"(max-width: 1024px) 100vw, 1024px\" src=\"data:image\/gif;base64,R0lGODlhAQABAAAAACH5BAEKAAEALAAAAAABAAEAAAICTAEAOw==\" style=\"--smush-placeholder-width: 1024px; --smush-placeholder-aspect-ratio: 1024\/591;\" \/><\/figure>\n\n\n\n<p><strong><em>Domingos<br><\/em><\/strong>10AM a 2 PM<\/p>\n\n\n\n<p><br>En&nbsp;<strong>RETROLATINA<\/strong>, <a href=\"https:\/\/1045radiolatina.com\/wnrl\/gaby-casas\/\">Gaby Casas<\/a> te transporta con m\u00fasica a esos grandes momentos de tu vida:<br>Jos\u00e9 Jos\u00e9, Roc\u00edo Durcal, Juan Gabriel, Camilo Sesto, Jose Luis Perales y todos esos fabulosos int\u00e9rpretes de 70\u2019s, 80\u2019s y 90\u2019s<\/p>\n\n\n\n<p>Fecha de publicaci\u00f3n: 13 de Septiembre del 2020<\/p>\n","protected":false},"excerpt":{"rendered":"<p>Domingos10AM a 2 PM En&nbsp;RETROLATINA, Gaby Casas te transporta con m\u00fasica a esos grandes momentos de tu vida:Jos\u00e9 Jos\u00e9, Roc\u00edo Durcal, Juan Gabriel, Camilo Sesto, Jose Luis Perales y todos [&hellip;]<\/p>\n","protected":false},"author":1,"featured_media":60371,"parent":0,"menu_order":0,"comment_status":"closed","ping_status":"closed","template":"","meta":{"tdm_status":"","tdm_grid_status":"","footnotes":""},"class_list":["post-60370","page","type-page","status-publish","has-post-thumbnail"],"amp_enabled":true,"_links":{"self":[{"href":"https:\/\/1045radiolatina.com\/wnrl\/wp-json\/wp\/v2\/pages\/60370","targetHints":{"allow":["GET"]}}],"collection":[{"href":"https:\/\/1045radiolatina.com\/wnrl\/wp-json\/wp\/v2\/pages"}],"about":[{"href":"https:\/\/1045radiolatina.com\/wnrl\/wp-json\/wp\/v2\/types\/page"}],"author":[{"embeddable":true,"href":"https:\/\/1045radiolatina.com\/wnrl\/wp-json\/wp\/v2\/users\/1"}],"replies":[{"embeddable":true,"href":"https:\/\/1045radiolatina.com\/wnrl\/wp-json\/wp\/v2\/comments?post=60370"}],"version-history":[{"count":0,"href":"https:\/\/1045radiolatina.com\/wnrl\/wp-json\/wp\/v2\/pages\/60370\/revisions"}],"wp:featuredmedia":[{"embeddable":true,"href":"https:\/\/1045radiolatina.com\/wnrl\/wp-json\/wp\/v2\/media\/60371"}],"wp:attachment":[{"href":"https:\/\/1045radiolatina.com\/wnrl\/wp-json\/wp\/v2\/media?parent=60370"}],"curies":[{"name":"wp","href":"https:\/\/api.w.org\/{rel}","templated":true}]}}