{"id":32253,"date":"2019-03-22T14:49:50","date_gmt":"2019-03-22T22:49:50","guid":{"rendered":"http:\/\/wp.1045radiolatina.com\/?page_id=32253"},"modified":"2021-10-08T10:06:52","modified_gmt":"2021-10-08T18:06:52","slug":"cantarsis","status":"publish","type":"page","link":"https:\/\/1045radiolatina.com\/wnrl\/cantarsis\/","title":{"rendered":"Cantarsis"},"content":{"rendered":"\n<h1 class=\"wp-block-heading\" style=\"font-size:100px\"><strong>Cantarsis<\/strong><\/h1>\n\n\n<p><img decoding=\"async\" class=\"alignnone size-full wp-image-32258 lazyload\" data-src=\"http:\/\/wp.1045radiolatina.com\/wp-content\/uploads\/2019\/08\/Cantarsis-banner1.jpg\" alt=\"\" width=\"650\" height=\"375\" data-srcset=\"https:\/\/1045radiolatina.com\/wnrl\/wp-content\/uploads\/2019\/08\/Cantarsis-banner1.jpg 650w, https:\/\/1045radiolatina.com\/wnrl\/wp-content\/uploads\/2019\/08\/Cantarsis-banner1-300x173.jpg 300w, https:\/\/1045radiolatina.com\/wnrl\/wp-content\/uploads\/2019\/08\/Cantarsis-banner1-648x375.jpg 648w\" data-sizes=\"(max-width: 650px) 100vw, 650px\" src=\"data:image\/gif;base64,R0lGODlhAQABAAAAACH5BAEKAAEALAAAAAABAAEAAAICTAEAOw==\" style=\"--smush-placeholder-width: 650px; --smush-placeholder-aspect-ratio: 650\/375;\" \/><\/p>\n<p><strong>Lunes a Viernes<\/strong><br>5am \u2013 10 am<br>Jesse y Gloria<\/p>\n<p><strong>M\u00fasica<\/strong><br><strong>Espect\u00e1culos<\/strong><br><strong>Buen Humor<\/strong><br><strong>Noticias<\/strong><br><strong>Cine<\/strong><\/p>\n<p>Despierta de buen humor en compa\u00f1\u00eda de&nbsp; Jesse y Gloria.<\/p>\n<p>Sus diferentes personalidades, son el complemento perfecto para tus<br>ma\u00f1anas.<\/p>\n<p>Un programa familiar, positivo y divertido; con la m\u00fasica y entrevistas<br>de tus cantantes&nbsp; y,&nbsp; deja que Jesse te cuente uno que otro \u00a1Chiste!<br>\u00a1Chiste! \u00a1Chiste!<\/p>\n<p>Y los Viernes\u2026 Cu\u00e9ntales tu historia y te ponen la canci\u00f3n que exprese<br>lo que sientes. Desahoga tus emociones, cantando\u2026en \u201cCantarsis\u201d, de 9 a<br>10 AM.<\/p>\n<p>INFORMACI\u00d3N:<br>Noticias \u2013 En punto de la hora<br>Cada 15 minutos: Tr\u00e1fico en las carreteras de San Diego&nbsp; Garitas en la<br>L\u00ednea Internacional y Reporte del Clima<br>con Ricardo Ojeda<\/p>\n<p>COMUNICATE:&nbsp;&nbsp;<a href=\"mailto:eldespertador@1045radiolatina.com\" target=\"_blank\" rel=\"noopener noreferrer\">eldespertador@1045radiolatina.<wbr>com<\/a>, y 619 570 1045 (San<br>Diego)<\/p>\n<p>30 de marzo de 2021<\/p>","protected":false},"excerpt":{"rendered":"<p>Cantarsis Lunes a Viernes5am \u2013 10 amJesse y Gloria M\u00fasicaEspect\u00e1culosBuen HumorNoticiasCine Despierta de buen humor en compa\u00f1\u00eda de&nbsp; Jesse y Gloria. Sus diferentes personalidades, son el complemento perfecto para tusma\u00f1anas. [&hellip;]<\/p>\n","protected":false},"author":1,"featured_media":0,"parent":0,"menu_order":0,"comment_status":"closed","ping_status":"closed","template":"","meta":{"tdm_status":"","tdm_grid_status":"","footnotes":""},"class_list":["post-32253","page","type-page","status-publish"],"amp_enabled":true,"_links":{"self":[{"href":"https:\/\/1045radiolatina.com\/wnrl\/wp-json\/wp\/v2\/pages\/32253","targetHints":{"allow":["GET"]}}],"collection":[{"href":"https:\/\/1045radiolatina.com\/wnrl\/wp-json\/wp\/v2\/pages"}],"about":[{"href":"https:\/\/1045radiolatina.com\/wnrl\/wp-json\/wp\/v2\/types\/page"}],"author":[{"embeddable":true,"href":"https:\/\/1045radiolatina.com\/wnrl\/wp-json\/wp\/v2\/users\/1"}],"replies":[{"embeddable":true,"href":"https:\/\/1045radiolatina.com\/wnrl\/wp-json\/wp\/v2\/comments?post=32253"}],"version-history":[{"count":0,"href":"https:\/\/1045radiolatina.com\/wnrl\/wp-json\/wp\/v2\/pages\/32253\/revisions"}],"wp:attachment":[{"href":"https:\/\/1045radiolatina.com\/wnrl\/wp-json\/wp\/v2\/media?parent=32253"}],"curies":[{"name":"wp","href":"https:\/\/api.w.org\/{rel}","templated":true}]}}