{"id":252,"date":"2013-03-28T14:44:30","date_gmt":"2013-03-28T21:44:30","guid":{"rendered":"http:\/\/1045radiolatina.com\/website\/?page_id=252"},"modified":"2026-01-09T16:00:03","modified_gmt":"2026-01-10T00:00:03","slug":"garitas","status":"publish","type":"page","link":"https:\/\/1045radiolatina.com\/wnrl\/garitas\/","title":{"rendered":"Garitas"},"content":{"rendered":"<div id=\"tdi_1\" class=\"tdc-zone\"><div class=\"tdc_zone tdi_2  wpb_row td-pb-row\"  >\n<style scoped>\n\/* custom css - generated by TagDiv Composer *\/\n\n\/* custom css - generated by TagDiv Composer *\/\n.tdi_2{\r\n                    min-height: 0;\r\n                }\n<\/style><div id=\"tdi_3\" class=\"tdc-row stretch_row_content td-stretch-content\"><div class=\"vc_row tdi_4  wpb_row td-pb-row\" >\n<style scoped>\n\/* custom css - generated by TagDiv Composer *\/\n\n\/* custom css - generated by TagDiv Composer *\/\n.tdi_4,\r\n                .tdi_4 .tdc-columns{\r\n                    min-height: 0;\r\n                }.tdi_4,\r\n\t\t\t\t.tdi_4 .tdc-columns{\r\n\t\t\t\t    display: block;\r\n\t\t\t\t}.tdi_4 .tdc-columns{\r\n\t\t\t\t    width: 100%;\r\n\t\t\t\t}.tdi_4:before,\r\n\t\t\t\t.tdi_4:after{\r\n\t\t\t\t    display: table;\r\n\t\t\t\t}\n<\/style><div class=\"vc_column tdi_6  wpb_column vc_column_container tdc-column td-pb-span12\">\n<style scoped>\n\/* custom css - generated by TagDiv Composer *\/\n\n\/* custom css - generated by TagDiv Composer *\/\n.tdi_6{\r\n                    vertical-align: baseline;\r\n                }.tdi_6 > .wpb_wrapper,\r\n\t\t\t\t.tdi_6 > .wpb_wrapper > .tdc-elements{\r\n\t\t\t\t    display: block;\r\n\t\t\t\t}.tdi_6 > .wpb_wrapper > .tdc-elements{\r\n\t\t\t\t    width: 100%;\r\n\t\t\t\t}.tdi_6 > .wpb_wrapper > .vc_row_inner{\r\n\t\t\t\t    width: auto;\r\n\t\t\t\t}.tdi_6 > .wpb_wrapper{\r\n\t\t\t\t    width: auto;\r\n\t\t\t\t    height: auto;\r\n\t\t\t\t}\n<\/style><div class=\"wpb_wrapper\" ><div class=\"td_block_wrap td_block_image_box tdi_7 td-image-box-style-2 td-pb-border-top td_block_template_1\"  data-td-block-uid=\"tdi_7\" >\n<style>\n\n\/* inline tdc_css att - generated by TagDiv Composer *\/\n\n.tdi_7{\nwidth:100% !important;\n}\n\n\/* portrait *\/\n@media (min-width: 768px) and (max-width: 1018px)\n{\n.tdi_7{\nwidth:770px !important;\n}\n}\n\n\/* phone *\/\n@media (max-width: 767px)\n{\n.tdi_7{\nmargin-top:10px !important;\n}\n}\n\n<\/style>\n<style>\n\/* custom css - generated by TagDiv Composer *\/\n.td_block_image_box .td-custom{\r\n                  position: relative;\r\n                }.td_block_image_box .td-custom a:hover:after{\r\n                  opacity: 0.6;\r\n                }.td_block_image_box .td-custom-image a{\r\n                  display: block;\r\n                  background-size: cover;\r\n                  background-position: center;\r\n                }.td_block_image_box .td-custom-image a:before{\r\n                  content: '';\r\n                  width: 100%;\r\n                  height: 100%;\r\n                  opacity: 0.4;\r\n                  position: absolute;\r\n                  top: 0;\r\n                  left: 0;\r\n                  background-color: #000;\r\n                  -webkit-transition: all 0.3s ease 0s;\r\n                  transition: all 0.3s ease 0s;\r\n                }.td_block_image_box .td-custom-image a:after{\r\n                  content: '';\r\n                  border: 1px solid #fff;\r\n                  opacity: 0.3;\r\n                  position: absolute;\r\n                  top: 0;\r\n                  left: 0;\r\n                  bottom: 0;\r\n                  right: 0;\r\n                  margin: 10px;\r\n                  -webkit-transition: all 0.3s ease 0s;\r\n                  transition: all 0.3s ease 0s;\r\n                }.td_block_image_box .td-custom-image.td-no-img-custom-url a{\r\n                  pointer-events: none;\r\n                  cursor: default;\r\n                }.td_block_image_box .td-custom-image img{\r\n                  vertical-align: top;\r\n                }.td_block_image_box .td-custom-title{\r\n                  position: absolute;\r\n                  top: 50%;\r\n                  -webkit-transform: translateY(-50%);\r\n                  transform: translateY(-50%);\r\n                  display: table;\r\n                  text-align: center;\r\n                  width: 100%;\r\n                  padding: 10px 20px;\r\n                  pointer-events: none;\r\n                }.td_block_image_box .entry-title{\r\n                  margin: 0;\r\n                  padding: 0;\r\n                  font-size: 19px;\r\n                  text-transform: uppercase;\r\n                  font-weight: 500;\r\n                }.td_block_image_box .entry-title a{\r\n                  color: #fff;\r\n                }.td_block_image_box .entry-title:after{\r\n                  display: none;\r\n                }.td_block_image_box .td-image-box-row{\r\n                  margin: 0 -20px;\r\n                  *zoom: 1;\r\n                }.td_block_image_box .td-image-box-row:before,\r\n                .td_block_image_box .td-image-box-row:after{\r\n                  display: table;\r\n                  content: '';\r\n                  line-height: 0;\r\n                }.td_block_image_box .td-image-box-row:after{\r\n                  clear: both;\r\n                }.td_block_image_box .td-image-box-span{\r\n                  padding: 0 20px;\r\n                  float: left;\r\n                }.td_block_image_box .td-big-image .td-image-box-span{\r\n                  width: 100%;\r\n                }.td_block_image_box .td-big-image .td-custom-image a{\r\n                  height: 360px;\r\n                }.td_block_image_box .td-medium-image .td-image-box-span{\r\n                  width: 50%;\r\n                }.td_block_image_box .td-medium-image .td-custom-image a{\r\n                  height: 320px;\r\n                }.td_block_image_box .td-small-image .td-image-box-span{\r\n                  width: 33.33333333%;\r\n                }.td_block_image_box .td-small-image .td-custom-image a{\r\n                  height: 220px;\r\n                }.td_block_image_box .td-tiny-image .td-image-box-span{\r\n                  width: 25%;\r\n                }.td_block_image_box .td-tiny-image .td-custom-image a{\r\n                  height: 160px;\r\n                }.td_block_image_box .td-tiny-image .td-custom-image a:after{\r\n                  margin: 8px;\r\n                }.td_block_image_box .td-tiny-image .entry-title{\r\n                  font-size: 12px;\r\n                }.td_block_image_box.td-box-vertical .td-image-box-row{\r\n                  margin-left: 0 !important;\r\n                  margin-right: 0 !important;\r\n                }.td_block_image_box.td-box-vertical .td-image-box-span{\r\n                  float: none;\r\n                  width: 100%;\r\n                  padding-left: 0 !important;\r\n                  padding-right: 0 !important;\r\n                  margin-bottom: 5px;\r\n                }.td_block_image_box.td-box-vertical .td-image-box-span a:after{\r\n                  margin: 8px;\r\n                }.td_block_image_box.td-box-vertical .td-image-box-span:last-child{\r\n                  margin-bottom: 0 !important;\r\n                }.td_block_image_box.td-box-vertical .entry-title{\r\n                  font-size: 15px;\r\n                }.td_block_image_box.td-image-box-top .td-custom-image a{\r\n                  background-position: top center;\r\n                }.td_block_image_box.td-image-box-bottom .td-custom-image a{\r\n                  background-position: bottom center;\r\n                }.td_block_image_box.td-image-box-style-2 .td-custom-image a:before,\r\n                .td_block_image_box.td-image-box-style-2 .td-custom-image a:after{\r\n                  display: none;\r\n                }.td_block_image_box.td-image-box-style-2 .entry-title{\r\n                  font-size: 15px;\r\n                }.td_block_image_box.td-image-box-style-2 .entry-title a{\r\n                  padding: 8px 16px;\r\n                  background-color: #fff;\r\n                  color: #000;\r\n                }.td_block_image_box.td-image-box-style-2 .entry-title a:empty{\r\n                  display: none;\r\n                }.tdi_7.td_block_image_box div .td-custom-image a{\r\n\t\t\t\t\theight: 180px;\r\n\t\t\t\t}@media (max-width: 767px) {\r\n                  .td_block_image_box .td-custom {\r\n                    margin: 0 -20px;\r\n                  }\r\n                  .td_block_image_box .td-custom-image a {\r\n                    margin-bottom: 5px;\r\n                  }\r\n                  .td_block_image_box .td-image-box-row {\r\n                    margin: 0 -20px;\r\n                  }\r\n                  .td_block_image_box .td-image-box-span {\r\n                    width: 100% !important;\r\n                    float: none;\r\n                    padding: 0 10px;\r\n                  }\r\n                  .td_block_image_box .td-big-image .td-custom-image a,\r\n                  .td_block_image_box .td-medium-image .td-custom-image a,\r\n                  .td_block_image_box .td-small-image .td-custom-image a {\r\n                    height: 160px;\r\n                  }\r\n                  .td_block_image_box .entry-title,\r\n                  .td_block_image_box .td-tiny-image .entry-title {\r\n                    font-size: 16px;\r\n                  }\r\n                }\n\n\/* portrait *\/\n@media (min-width: 768px) and (max-width: 1018px){\n.tdi_7.td_block_image_box div .td-custom-image a{\r\n\t\t\t\t\theight: 126px;\r\n\t\t\t\t}\n}\n\n\/* phone *\/\n@media (max-width: 767px){\n.tdi_7.td_block_image_box div .td-custom-image a{\r\n\t\t\t\t\theight: 70px;\r\n\t\t\t\t}\n}\n<\/style><div class=\"td-block-title-wrap\"><\/div><div class=\"td-image-box-row td-big-image\"><div class=\"td-image-box-span\"><div class=\"td-custom\"><div class=\"td-custom-image td-no-img-custom-url\"><a style=\"background-image:inherit;\" href=\"#\"  title=\"Sin-t\u00edtulo-1\" data-bg-image=\"url(&#039;https:\/\/1045radiolatina.com\/wnrl\/wp-content\/uploads\/2020\/05\/Sin-t\u00edtulo-1.jpg&#039;)\" class=\"lazyload\"><\/a><\/div><\/div><\/div><\/div><\/div><\/div><\/div><\/div><\/div><div id=\"tdi_8\" class=\"tdc-row\"><div class=\"vc_row tdi_9  wpb_row td-pb-row\" >\n<style scoped>\n\/* custom css - generated by TagDiv Composer *\/\n\n\/* custom css - generated by TagDiv Composer *\/\n.tdi_9,\r\n                .tdi_9 .tdc-columns{\r\n                    min-height: 0;\r\n                }.tdi_9,\r\n\t\t\t\t.tdi_9 .tdc-columns{\r\n\t\t\t\t    display: block;\r\n\t\t\t\t}.tdi_9 .tdc-columns{\r\n\t\t\t\t    width: 100%;\r\n\t\t\t\t}.tdi_9:before,\r\n\t\t\t\t.tdi_9:after{\r\n\t\t\t\t    display: table;\r\n\t\t\t\t}\n<\/style><div class=\"vc_column tdi_11  wpb_column vc_column_container tdc-column td-pb-span12\">\n<style scoped>\n\/* custom css - generated by TagDiv Composer *\/\n\n\/* custom css - generated by TagDiv Composer *\/\n.tdi_11{\r\n                    vertical-align: baseline;\r\n                }.tdi_11 > .wpb_wrapper,\r\n\t\t\t\t.tdi_11 > .wpb_wrapper > .tdc-elements{\r\n\t\t\t\t    display: block;\r\n\t\t\t\t}.tdi_11 > .wpb_wrapper > .tdc-elements{\r\n\t\t\t\t    width: 100%;\r\n\t\t\t\t}.tdi_11 > .wpb_wrapper > .vc_row_inner{\r\n\t\t\t\t    width: auto;\r\n\t\t\t\t}.tdi_11 > .wpb_wrapper{\r\n\t\t\t\t    width: auto;\r\n\t\t\t\t    height: auto;\r\n\t\t\t\t}\n<\/style><div class=\"wpb_wrapper\" ><div class=\"td_block_wrap td_block_text_with_title tdi_12 tagdiv-type td-pb-border-top td_block_template_1\"  data-td-block-uid=\"tdi_12\" >\n<style>\n\n\/* inline tdc_css att - generated by TagDiv Composer *\/\n\n.tdi_12{\nmargin-right:-44px !important;\nmargin-left:-45px !important;\npadding-left:-7px !important;\nborder-style:solid !important;\nborder-color:#888888 !important;\nborder-width: 0px 0px 0px 0px !important;\n}\n\n<\/style>\n<style>\n\/* custom css - generated by TagDiv Composer *\/\n.td_block_text_with_title{\r\n                  margin-bottom: 44px;\r\n                  -webkit-transform: translateZ(0);\r\n                  transform: translateZ(0);\r\n                }.td_block_text_with_title p:last-child{\r\n                  margin-bottom: 0;\r\n                }\n<\/style><div class=\"td-block-title-wrap\"><\/div><div class=\"td_mod_wrap td-fix-index\"><p><iframe id=\"iframeGaritas\" style=\"max-width: 100%;\" data-src=\"https:\/\/rlapi.itimbre.com\/garitas\/garitasdev.php\" width=\"100%\" frameborder=\"0\" scrolling=\"no\" src=\"data:image\/gif;base64,R0lGODlhAQABAAAAACH5BAEKAAEALAAAAAABAAEAAAICTAEAOw==\" class=\"lazyload\" data-load-mode=\"1\"><span data-mce-type=\"bookmark\" style=\"display: inline-block; width: 0px; overflow: hidden; line-height: 0;\" class=\"mce_SELRES_start\"><\/span><\/iframe><\/p>\n<\/div><\/div><\/div><\/div><\/div><\/div><div id=\"tdi_13\" class=\"tdc-row\"><div class=\"vc_row tdi_14  wpb_row td-pb-row\" >\n<style scoped>\n\/* custom css - generated by TagDiv Composer *\/\n\n\/* custom css - generated by TagDiv Composer *\/\n.tdi_14,\r\n                .tdi_14 .tdc-columns{\r\n                    min-height: 0;\r\n                }.tdi_14,\r\n\t\t\t\t.tdi_14 .tdc-columns{\r\n\t\t\t\t    display: block;\r\n\t\t\t\t}.tdi_14 .tdc-columns{\r\n\t\t\t\t    width: 100%;\r\n\t\t\t\t}.tdi_14:before,\r\n\t\t\t\t.tdi_14:after{\r\n\t\t\t\t    display: table;\r\n\t\t\t\t}\n<\/style><div class=\"vc_column tdi_16  wpb_column vc_column_container tdc-column td-pb-span12\">\n<style scoped>\n\/* custom css - generated by TagDiv Composer *\/\n\n\/* custom css - generated by TagDiv Composer *\/\n.tdi_16{\r\n                    vertical-align: baseline;\r\n                }.tdi_16 > .wpb_wrapper,\r\n\t\t\t\t.tdi_16 > .wpb_wrapper > .tdc-elements{\r\n\t\t\t\t    display: block;\r\n\t\t\t\t}.tdi_16 > .wpb_wrapper > .tdc-elements{\r\n\t\t\t\t    width: 100%;\r\n\t\t\t\t}.tdi_16 > .wpb_wrapper > .vc_row_inner{\r\n\t\t\t\t    width: auto;\r\n\t\t\t\t}.tdi_16 > .wpb_wrapper{\r\n\t\t\t\t    width: auto;\r\n\t\t\t\t    height: auto;\r\n\t\t\t\t}\n\/* inline tdc_css att - generated by TagDiv Composer *\/\n\n.tdi_16{\nmargin-right:0px !important;\nmargin-left:0px !important;\n}\n\n<\/style><div class=\"wpb_wrapper\" ><div class=\"td_block_wrap td_block_text_with_title tdi_17 tagdiv-type td-pb-border-top td_block_template_1\"  data-td-block-uid=\"tdi_17\" ><div class=\"td-block-title-wrap\"><\/div><div class=\"td_mod_wrap td-fix-index\"><p style=\"text-align: center; font-family: 'Poppins', sans-serif;\"><b>GARITAS CBP<\/b><\/p>\n<div style=\"text-align: center;\"><iframe style=\"max-width: 100%; max-height: 1100px;\" data-src=\"https:\/\/rlapi.itimbre.com\/garitas\/cbp.php\" width=\"90%\" height=\"200\" frameborder=\"0\" scrolling=\"no\" src=\"data:image\/gif;base64,R0lGODlhAQABAAAAACH5BAEKAAEALAAAAAABAAEAAAICTAEAOw==\" class=\"lazyload\" data-load-mode=\"1\"><span data-mce-type=\"bookmark\" style=\"display: inline-block; width: 0px; overflow: hidden; line-height: 0;\" class=\"mce_SELRES_start\"><\/span><\/iframe><\/div>\n<\/div><\/div><\/div><\/div><\/div><\/div><div id=\"tdi_18\" class=\"tdc-row\"><div class=\"vc_row tdi_19  wpb_row td-pb-row\" >\n<style scoped>\n\/* custom css - generated by TagDiv Composer *\/\n\n\/* custom css - generated by TagDiv Composer *\/\n.tdi_19,\r\n                .tdi_19 .tdc-columns{\r\n                    min-height: 0;\r\n                }.tdi_19,\r\n\t\t\t\t.tdi_19 .tdc-columns{\r\n\t\t\t\t    display: block;\r\n\t\t\t\t}.tdi_19 .tdc-columns{\r\n\t\t\t\t    width: 100%;\r\n\t\t\t\t}.tdi_19:before,\r\n\t\t\t\t.tdi_19:after{\r\n\t\t\t\t    display: table;\r\n\t\t\t\t}\n<\/style><div class=\"vc_column tdi_21  wpb_column vc_column_container tdc-column td-pb-span12\">\n<style scoped>\n\/* custom css - generated by TagDiv Composer *\/\n\n\/* custom css - generated by TagDiv Composer *\/\n.tdi_21{\r\n                    vertical-align: baseline;\r\n                }.tdi_21 > .wpb_wrapper,\r\n\t\t\t\t.tdi_21 > .wpb_wrapper > .tdc-elements{\r\n\t\t\t\t    display: block;\r\n\t\t\t\t}.tdi_21 > .wpb_wrapper > .tdc-elements{\r\n\t\t\t\t    width: 100%;\r\n\t\t\t\t}.tdi_21 > .wpb_wrapper > .vc_row_inner{\r\n\t\t\t\t    width: auto;\r\n\t\t\t\t}.tdi_21 > .wpb_wrapper{\r\n\t\t\t\t    width: auto;\r\n\t\t\t\t    height: auto;\r\n\t\t\t\t}\n<\/style><div class=\"wpb_wrapper\" ><div class=\"td_block_wrap td_block_text_with_title tdi_22 tagdiv-type td-pb-border-top td_block_template_1\"  data-td-block-uid=\"tdi_22\" ><div class=\"td-block-title-wrap\"><\/div><div class=\"td_mod_wrap td-fix-index\"><p><strong>La informaci\u00f3n de garitas es actualizada cada 30 minutos de lunes a s\u00e1bado de 6 de la ma\u00f1ana a las 8 de la noche. La informaci\u00f3n de los tiempos de espera en las garitas internacionales es aproximada. Radio Latina 104.5FM, Imagen Group, Inc., Grupo Imagen, sus estaciones afiliadas, INACO y sus empleados no se hacen responsables de incidentes relacionados a informaci\u00f3n err\u00f3nea reportada al aire o en la pagina de Internet de Radio Latina 104.5FM.<\/strong><\/p>\n<\/div><\/div><\/div><\/div><\/div><\/div><\/div><\/div>","protected":false},"excerpt":{"rendered":"","protected":false},"author":1,"featured_media":0,"parent":0,"menu_order":3,"comment_status":"open","ping_status":"open","template":"","meta":{"tdm_status":"enabled","tdm_grid_status":"disabled","footnotes":""},"class_list":["post-252","page","type-page","status-publish"],"amp_enabled":true,"_links":{"self":[{"href":"https:\/\/1045radiolatina.com\/wnrl\/wp-json\/wp\/v2\/pages\/252","targetHints":{"allow":["GET"]}}],"collection":[{"href":"https:\/\/1045radiolatina.com\/wnrl\/wp-json\/wp\/v2\/pages"}],"about":[{"href":"https:\/\/1045radiolatina.com\/wnrl\/wp-json\/wp\/v2\/types\/page"}],"author":[{"embeddable":true,"href":"https:\/\/1045radiolatina.com\/wnrl\/wp-json\/wp\/v2\/users\/1"}],"replies":[{"embeddable":true,"href":"https:\/\/1045radiolatina.com\/wnrl\/wp-json\/wp\/v2\/comments?post=252"}],"version-history":[{"count":53,"href":"https:\/\/1045radiolatina.com\/wnrl\/wp-json\/wp\/v2\/pages\/252\/revisions"}],"predecessor-version":[{"id":67561,"href":"https:\/\/1045radiolatina.com\/wnrl\/wp-json\/wp\/v2\/pages\/252\/revisions\/67561"}],"wp:attachment":[{"href":"https:\/\/1045radiolatina.com\/wnrl\/wp-json\/wp\/v2\/media?parent=252"}],"curies":[{"name":"wp","href":"https:\/\/api.w.org\/{rel}","templated":true}]}}